{"id":718,"date":"2020-09-28T08:02:58","date_gmt":"2020-09-28T08:02:58","guid":{"rendered":"http:\/\/xn--kaeci-kdb.net\/?post_type=product&#038;p=718"},"modified":"2025-01-15T09:27:18","modified_gmt":"2025-01-15T09:27:18","slug":"sirdas-910","status":"publish","type":"product","link":"http:\/\/xn--kaeci-kdb.net\/index.php\/urun\/sirdas-910\/","title":{"rendered":"S\u0131rda\u015f 910"},"content":{"rendered":"<p><strong>KA\u015eE KASA RENG\u0130 SE\u00c7\u0130M\u0130 YAPILAMAMAKDADIR.<\/strong><\/p>\n<p><strong>S\u0130STEMDEN S\u0130PAR\u0130\u015e OLU\u015eTURDUKTAN SONRA A\u015eA\u011eIDAK\u0130 WHATSAAP HATTIMIZA DEKONT G\u00d6NDERMEN\u0130Z GEREKMEKTED\u0130R.<br \/>\nDEKONT G\u00d6NDER\u0130LMEYEN S\u0130PAR\u0130\u015eLER ONAYLANMAZ.<\/strong><\/p>\n<p><strong>WHATSAAP B\u0130LG\u0130 HATTI : 0540 460 22 22 <\/strong><\/p>\n<p><strong>SAAT 16:30&#8217;A KADAR ONAYI ALINMI\u015e \u00d6DEMES\u0130 YAPILIP DEKONTU G\u00d6NDER\u0130LEN \u00dcR\u00dcNLER AYNI G\u00dcN KARGOYA VER\u0130LECEKT\u0130R.<\/strong><\/p>\n<p><strong>Ka\u015femiz Otomatik Mekanizmal\u0131 ve Kendinden M\u00fcrekkeplidir.<\/strong><\/p>\n<p><strong>24 * 9 mm \u00d6l\u00e7\u00fcs\u00fcnde bask\u0131 yapmaktad\u0131r.<\/strong><\/p>\n<p><strong>G\u00f6nderdi\u011finiz bilgilere g\u00f6re ka\u015fe ebadland\u0131rmas\u0131 yap\u0131lmaktad\u0131r.<\/strong><\/p>\n<p><strong>Ka\u015fe i\u00e7erisinde Su bazl\u0131 M\u00fcrekkep ile Doludur.<\/strong><\/p>\n<p><strong>200-400 adet 1. Hamur ka\u011f\u0131da bask\u0131 yap\u0131labilir.<\/strong><\/p>\n<p><strong>Ka\u015fe i\u00e7erisindeki M\u00fcrekkep Su Bazl\u0131 oldu\u011fundan Ku\u015fe Ka\u011f\u0131t &#8211; Deri &#8211; Po\u015fet &#8211; Plastik\u00a0 \u00fczerinde iyi sonu\u00e7 vermemektedir.<\/strong><\/p>\n<p><strong>Bu zeminlerde <a href=\"http:\/\/acelekase.net\/index.php\/urun\/kaygan-zemin-murekkebi\">KAYGAN ZEM\u0130N M\u00dcREKKEB\u0130<\/a> kullanman\u0131z\u0131 tavsiye ediyoruz.<\/strong><\/p>\n<p><strong>\u0130ste\u011finize g\u00f6re Mavi &#8211; Siyah &#8211; K\u0131rm\u0131z\u0131 M\u00fcrekkepli Yap\u0131labilir.<\/strong><\/p>\n<p><strong>Ka\u015fenizi Kau\u00e7uk Lastik \u00dczerine<\/strong><strong> Lazer Kaz\u0131ma Teknolojisiyle 5 Dakikada \u00dcretiyoruz.<\/strong><\/p>\n<p><strong>Sizlere daha h\u0131zl\u0131 ve iyi hizmet verebilmemiz i\u00e7in l\u00fctfen web sitemizden sipari\u015f veriniz.<\/strong><\/p>\n<p><strong><em>B\u0130Z\u0130 TERC\u0130H ETT\u0130\u011e\u0130N\u0130Z \u0130\u00c7\u0130N TE\u015eEKK\u00dcRLER.<\/em><\/strong><\/p>\n","protected":false},"excerpt":{"rendered":"<p><img decoding=\"async\" class=\"alignnone size-medium wp-image-1078\" src=\"http:\/\/xn--kaeci-kdb.net\/wp-content\/uploads\/2025\/01\/910-2-300x79.jpg\" alt=\"\" width=\"300\" height=\"79\" srcset=\"http:\/\/xn--kaeci-kdb.net\/wp-content\/uploads\/2025\/01\/910-2-300x79.jpg 300w, http:\/\/xn--kaeci-kdb.net\/wp-content\/uploads\/2025\/01\/910-2-1024x270.jpg 1024w, http:\/\/xn--kaeci-kdb.net\/wp-content\/uploads\/2025\/01\/910-2-768x203.jpg 768w, http:\/\/xn--kaeci-kdb.net\/wp-content\/uploads\/2025\/01\/910-2-600x158.jpg 600w, http:\/\/xn--kaeci-kdb.net\/wp-content\/uploads\/2025\/01\/910-2.jpg 1141w\" sizes=\"(max-width: 300px) 100vw, 300px\" \/><\/p>\n<h5>L\u00fctfen S\u0131ras\u0131yla;<\/h5>\n<h5>\u2013 M\u00fcrekkep rengini se\u00e7iniz,<\/h5>\n<h5>\u2013 Ka\u015fe metnini d\u00fczenleyiniz,<\/h5>\n<h5>\u2013 Adet se\u00e7iniz.<\/h5>\n<h5>Sitemizden sipari\u015f vermek \u00e7ok kolay.<\/h5>\n","protected":false},"featured_media":722,"comment_status":"open","ping_status":"closed","template":"","meta":[],"product_brand":[],"product_cat":[29],"product_tag":[],"class_list":{"0":"post-718","1":"product","2":"type-product","3":"status-publish","4":"has-post-thumbnail","6":"product_cat-standart-kaseler","8":"first","9":"instock","10":"sale","11":"taxable","12":"shipping-taxable","13":"purchasable","14":"product-type-variable"},"aioseo_notices":[],"_links":{"self":[{"href":"http:\/\/xn--kaeci-kdb.net\/index.php\/wp-json\/wp\/v2\/product\/718","targetHints":{"allow":["GET"]}}],"collection":[{"href":"http:\/\/xn--kaeci-kdb.net\/index.php\/wp-json\/wp\/v2\/product"}],"about":[{"href":"http:\/\/xn--kaeci-kdb.net\/index.php\/wp-json\/wp\/v2\/types\/product"}],"replies":[{"embeddable":true,"href":"http:\/\/xn--kaeci-kdb.net\/index.php\/wp-json\/wp\/v2\/comments?post=718"}],"wp:featuredmedia":[{"embeddable":true,"href":"http:\/\/xn--kaeci-kdb.net\/index.php\/wp-json\/wp\/v2\/media\/722"}],"wp:attachment":[{"href":"http:\/\/xn--kaeci-kdb.net\/index.php\/wp-json\/wp\/v2\/media?parent=718"}],"wp:term":[{"taxonomy":"product_brand","embeddable":true,"href":"http:\/\/xn--kaeci-kdb.net\/index.php\/wp-json\/wp\/v2\/product_brand?post=718"},{"taxonomy":"product_cat","embeddable":true,"href":"http:\/\/xn--kaeci-kdb.net\/index.php\/wp-json\/wp\/v2\/product_cat?post=718"},{"taxonomy":"product_tag","embeddable":true,"href":"http:\/\/xn--kaeci-kdb.net\/index.php\/wp-json\/wp\/v2\/product_tag?post=718"}],"curies":[{"name":"wp","href":"https:\/\/api.w.org\/{rel}","templated":true}]}}