{"id":698,"date":"2020-09-28T07:59:34","date_gmt":"2020-09-28T07:59:34","guid":{"rendered":"http:\/\/xn--kaeci-kdb.net\/?post_type=product&#038;p=698"},"modified":"2024-09-24T11:54:52","modified_gmt":"2024-09-24T11:54:52","slug":"sirdas-921","status":"publish","type":"product","link":"http:\/\/xn--kaeci-kdb.net\/index.php\/urun\/sirdas-921\/","title":{"rendered":"S\u0131rda\u015f 921"},"content":{"rendered":"<p><strong>KA\u015eE KASA RENG\u0130 SE\u00c7\u0130M\u0130 YAPILAMAMAKDADIR.<\/strong><\/p>\n<p><strong>S\u0130STEMDEN S\u0130PAR\u0130\u015e OLU\u015eTURDUKTAN SONRA A\u015eA\u011eIDAK\u0130 WHATSAAP HATTIMIZA DEKONT G\u00d6NDERMEN\u0130Z GEREKMEKTED\u0130R.<br \/>\nDEKONT G\u00d6NDER\u0130LMEYEN S\u0130PAR\u0130\u015eLER ONAYLANMAZ.<\/strong><\/p>\n<p><strong>WHATSAAP B\u0130LG\u0130 HATTI : 0540 460 22 22 <\/strong><\/p>\n<p><strong>SAAT 16:30&#8217;A KADAR ONAYI ALINMI\u015e \u00d6DEMES\u0130 YAPILIP DEKONTU G\u00d6NDER\u0130LEN \u00dcR\u00dcNLER AYNI G\u00dcN KARGOYA VER\u0130LECEKT\u0130R.<\/strong><\/p>\n<p><strong>Ka\u015femiz Otomatik Mekanizmal\u0131 ve Kendinden M\u00fcrekkeplidir.<\/strong><\/p>\n<p><strong>11 * 11 mm \u00d6l\u00e7\u00fcs\u00fcnde bask\u0131 yapmaktad\u0131r.<\/strong><\/p>\n<p><strong>G\u00f6nderdi\u011finiz bilgilere g\u00f6re ka\u015fe ebadland\u0131rmas\u0131 yap\u0131lmaktad\u0131r.<\/strong><\/p>\n<p><strong>Ka\u015fe i\u00e7erisinde Su bazl\u0131 M\u00fcrekkep ile Doludur.<\/strong><\/p>\n<p><strong>200-400 adet 1. Hamur ka\u011f\u0131da bask\u0131 yap\u0131labilir.<\/strong><\/p>\n<p><strong>Ka\u015fe i\u00e7erisindeki M\u00fcrekkep Su Bazl\u0131 oldu\u011fundan Ku\u015fe Ka\u011f\u0131t &#8211; Deri &#8211; Po\u015fet &#8211; Plastik\u00a0 \u00fczerinde iyi sonu\u00e7 vermemektedir.<\/strong><\/p>\n<p><strong>\u0130ste\u011finize g\u00f6re Mavi &#8211; Siyah &#8211; K\u0131rm\u0131z\u0131 M\u00fcrekkepli Yap\u0131labilir.<\/strong><\/p>\n<p><strong>Ka\u015fenizi Kau\u00e7uk Lastik \u00dczerine<\/strong><strong> Lazer Kaz\u0131ma Teknolojisiyle 5 Dakikada \u00dcretiyoruz.<\/strong><\/p>\n<p><strong>Sizlere daha h\u0131zl\u0131 ve iyi hizmet verebilmemiz i\u00e7in l\u00fctfen web sitemizden sipari\u015f veriniz.<\/strong><\/p>\n<p><strong><em>B\u0130Z\u0130 TERC\u0130H ETT\u0130\u011e\u0130N\u0130Z \u0130\u00c7\u0130N TE\u015eEKK\u00dcRLER.<\/em><\/strong><\/p>\n","protected":false},"excerpt":{"rendered":"<p>KA\u015eE KASA RENG\u0130 SE\u00c7\u0130M\u0130 YAPILAMAMAKDADIR. S\u0130STEMDEN S\u0130PAR\u0130\u015e OLU\u015eTURDUKTAN SONRA A\u015eA\u011eIDAK\u0130 WHATSAAP HATTIMIZA DEKONT G\u00d6NDERMEN\u0130Z GEREKMEKTED\u0130R. DEKONT G\u00d6NDER\u0130LMEYEN S\u0130PAR\u0130\u015eLER ONAYLANMAZ. WHATSAAP&hellip;<\/p>\n","protected":false},"featured_media":702,"comment_status":"open","ping_status":"closed","template":"","meta":[],"product_brand":[],"product_cat":[29],"product_tag":[],"class_list":{"0":"post-698","1":"product","2":"type-product","3":"status-publish","4":"has-post-thumbnail","6":"product_cat-standart-kaseler","8":"first","9":"instock","10":"sale","11":"taxable","12":"shipping-taxable","13":"purchasable","14":"product-type-variable"},"aioseo_notices":[],"_links":{"self":[{"href":"http:\/\/xn--kaeci-kdb.net\/index.php\/wp-json\/wp\/v2\/product\/698","targetHints":{"allow":["GET"]}}],"collection":[{"href":"http:\/\/xn--kaeci-kdb.net\/index.php\/wp-json\/wp\/v2\/product"}],"about":[{"href":"http:\/\/xn--kaeci-kdb.net\/index.php\/wp-json\/wp\/v2\/types\/product"}],"replies":[{"embeddable":true,"href":"http:\/\/xn--kaeci-kdb.net\/index.php\/wp-json\/wp\/v2\/comments?post=698"}],"wp:featuredmedia":[{"embeddable":true,"href":"http:\/\/xn--kaeci-kdb.net\/index.php\/wp-json\/wp\/v2\/media\/702"}],"wp:attachment":[{"href":"http:\/\/xn--kaeci-kdb.net\/index.php\/wp-json\/wp\/v2\/media?parent=698"}],"wp:term":[{"taxonomy":"product_brand","embeddable":true,"href":"http:\/\/xn--kaeci-kdb.net\/index.php\/wp-json\/wp\/v2\/product_brand?post=698"},{"taxonomy":"product_cat","embeddable":true,"href":"http:\/\/xn--kaeci-kdb.net\/index.php\/wp-json\/wp\/v2\/product_cat?post=698"},{"taxonomy":"product_tag","embeddable":true,"href":"http:\/\/xn--kaeci-kdb.net\/index.php\/wp-json\/wp\/v2\/product_tag?post=698"}],"curies":[{"name":"wp","href":"https:\/\/api.w.org\/{rel}","templated":true}]}}